{"id":991,"date":"2022-06-10T08:40:32","date_gmt":"2022-06-10T08:40:32","guid":{"rendered":"https:\/\/demo.creativethemes.com\/elementor\/persona\/?page_id=991"},"modified":"2024-06-02T14:55:29","modified_gmt":"2024-06-02T17:55:29","slug":"home","status":"publish","type":"page","link":"https:\/\/scarcella.com.br\/","title":{"rendered":"Home"},"content":{"rendered":"\t\t<div data-elementor-type=\"wp-page\" data-elementor-id=\"991\" class=\"elementor elementor-991\" data-elementor-post-type=\"page\">\n\t\t\t\t<div class=\"elementor-element elementor-element-72a10ba e-flex e-con-boxed e-con e-parent\" data-id=\"72a10ba\" data-element_type=\"container\" data-e-type=\"container\" data-settings=\"{&quot;background_background&quot;:&quot;classic&quot;}\">\n\t\t\t\t\t<div class=\"e-con-inner\">\n\t\t<div class=\"elementor-element elementor-element-ea6e0e8 e-con-full e-flex e-con e-child\" data-id=\"ea6e0e8\" data-element_type=\"container\" data-e-type=\"container\">\n\t\t\t\t<div class=\"elementor-element elementor-element-1f4253f elementor-view-default elementor-widget elementor-widget-icon\" data-id=\"1f4253f\" data-element_type=\"widget\" data-e-type=\"widget\" data-widget_type=\"icon.default\">\n\t\t\t\t<div class=\"elementor-widget-container\">\n\t\t\t\t\t\t\t<div class=\"elementor-icon-wrapper\">\n\t\t\t<div class=\"elementor-icon\">\n\t\t\t<svg xmlns=\"http:\/\/www.w3.org\/2000\/svg\" width=\"279\" height=\"50\" viewBox=\"0 0 279 50\" fill=\"none\"><path d=\"M26.4234 37.0754C26.4234 36.1921 26.2867 35.4035 26.0133 34.7095C25.7609 33.9944 25.2877 33.353 24.5937 32.7851C23.9207 32.1963 22.9638 31.6284 21.7229 31.0816C20.5031 30.5138 18.9258 29.9249 16.991 29.315C14.8458 28.642 12.8479 27.8849 10.9971 27.0437C9.14642 26.2024 7.51652 25.2245 6.10744 24.1098C4.7194 22.9952 3.6363 21.7123 2.85815 20.2612C2.08001 18.789 1.69094 17.0855 1.69094 15.1506C1.69094 13.2579 2.09052 11.5333 2.8897 9.97703C3.70991 8.42074 4.86661 7.08527 6.35981 5.97063C7.85301 4.83496 9.6091 3.96217 11.6281 3.35227C13.6681 2.74238 15.9184 2.43743 18.379 2.43743C21.786 2.43743 24.7304 3.05784 27.212 4.29867C29.7147 5.5395 31.6496 7.22197 33.0166 9.3461C34.3836 11.4702 35.0671 13.8572 35.0671 16.5071H26.4234C26.4234 15.077 26.1184 13.8152 25.5085 12.7216C24.9196 11.628 24.0153 10.7657 22.7955 10.1348C21.5968 9.50383 20.0825 9.18837 18.2528 9.18837C16.4862 9.18837 15.0141 9.45126 13.8363 9.97703C12.6796 10.5028 11.8068 11.2179 11.218 12.1222C10.6501 13.0265 10.3662 14.036 10.3662 15.1506C10.3662 15.9919 10.566 16.749 10.9656 17.422C11.3652 18.074 11.9646 18.6944 12.7637 19.2832C13.5629 19.8511 14.5514 20.3874 15.7291 20.8921C16.9279 21.3758 18.3159 21.8595 19.8932 22.3432C22.417 23.1004 24.6252 23.9416 26.518 24.867C28.4318 25.7923 30.0197 26.8439 31.2815 28.0216C32.5644 29.1993 33.5213 30.5243 34.1522 31.9965C34.8042 33.4686 35.1302 35.1406 35.1302 37.0123C35.1302 38.9893 34.7411 40.7559 33.963 42.3122C33.1848 43.8684 32.0702 45.1934 30.619 46.287C29.1679 47.3806 27.4223 48.2113 25.3823 48.7792C23.3634 49.347 21.1025 49.6309 18.5998 49.6309C16.3706 49.6309 14.1623 49.3365 11.9751 48.7476C9.80889 48.1377 7.8425 47.2334 6.07589 46.0346C4.30929 44.8148 2.90022 43.2796 1.84867 41.4288C0.797119 39.5571 0.271345 37.3699 0.271345 34.8672H8.97817C8.97817 36.3183 9.20951 37.5592 9.67219 38.5897C10.1559 39.5992 10.8289 40.4299 11.6912 41.0818C12.5745 41.7128 13.605 42.1754 14.7827 42.4699C15.9605 42.7643 17.2328 42.9115 18.5998 42.9115C20.3664 42.9115 21.8176 42.6697 22.9532 42.186C24.11 41.6812 24.9722 40.9872 25.5401 40.1039C26.1289 39.2206 26.4234 38.2111 26.4234 37.0754ZM55.1937 43.0693C56.3715 43.0693 57.423 42.8379 58.3484 42.3752C59.2737 41.9126 60.0098 41.2606 60.5566 40.4194C61.1245 39.5781 61.4294 38.6002 61.4715 37.4855H69.3265C69.2845 39.7989 68.6325 41.8705 67.3707 43.7002C66.1088 45.5299 64.4263 46.981 62.3232 48.0536C60.2412 49.1052 57.9067 49.6309 55.3199 49.6309C52.691 49.6309 50.3987 49.1893 48.4428 48.306C46.4869 47.4227 44.857 46.1924 43.5531 44.615C42.2702 43.0377 41.3028 41.208 40.6508 39.126C40.0199 37.0439 39.7044 34.8146 39.7044 32.4381V31.4286C39.7044 29.0521 40.0199 26.8228 40.6508 24.7408C41.3028 22.6587 42.2702 20.829 43.5531 19.2517C44.857 17.6744 46.4869 16.4441 48.4428 15.5608C50.3987 14.6775 52.6805 14.2358 55.2884 14.2358C58.0434 14.2358 60.462 14.7721 62.5441 15.8447C64.6472 16.9173 66.2876 18.4315 67.4653 20.3874C68.6641 22.3432 69.2845 24.6461 69.3265 27.296H61.4715C61.4294 26.0762 61.156 24.9826 60.6513 24.0152C60.1465 23.0478 59.4315 22.2696 58.5061 21.6808C57.5807 21.0919 56.4556 20.7975 55.1306 20.7975C53.7216 20.7975 52.5438 21.0919 51.5974 21.6808C50.6721 22.2696 49.9465 23.0793 49.4207 24.1098C48.916 25.1193 48.5585 26.255 48.3481 27.5169C48.1589 28.7577 48.0642 30.0616 48.0642 31.4286V32.4381C48.0642 33.8262 48.1589 35.1511 48.3481 36.413C48.5585 37.6748 48.916 38.8105 49.4207 39.82C49.9465 40.8084 50.6721 41.5971 51.5974 42.186C52.5438 42.7748 53.7426 43.0693 55.1937 43.0693ZM93.6804 41.7443V26.0026C93.6804 24.8459 93.4806 23.847 93.081 23.0057C92.6814 22.1645 92.0715 21.5125 91.2513 21.0498C90.4311 20.5872 89.3901 20.3558 88.1282 20.3558C87.0136 20.3558 86.0357 20.5451 85.1944 20.9237C84.3742 21.3022 83.7433 21.8385 83.3016 22.5325C82.86 23.2055 82.6392 23.9837 82.6392 24.867H74.2793C74.2793 23.4579 74.6158 22.1224 75.2888 20.8606C75.9618 19.5777 76.9187 18.442 78.1596 17.4535C79.4214 16.4441 80.9251 15.6554 82.6707 15.0876C84.4373 14.5197 86.4142 14.2358 88.6014 14.2358C91.1882 14.2358 93.4911 14.6775 95.5101 15.5608C97.5501 16.423 99.1485 17.7269 100.305 19.4725C101.483 21.2181 102.072 23.4158 102.072 26.0657V40.9557C102.072 42.6592 102.177 44.1208 102.387 45.3406C102.619 46.5394 102.955 47.5804 103.397 48.4637V49H94.9107C94.5111 48.1377 94.2062 47.0441 93.9959 45.7192C93.7856 44.3732 93.6804 43.0482 93.6804 41.7443ZM94.8476 28.2109L94.9107 33.1637H89.6425C88.3385 33.1637 87.1924 33.3004 86.2039 33.5738C85.2154 33.8262 84.4058 34.2047 83.7748 34.7095C83.1439 35.1932 82.6707 35.782 82.3552 36.4761C82.0398 37.149 81.882 37.9167 81.882 38.7789C81.882 39.6202 82.0713 40.3773 82.4499 41.0503C82.8495 41.7233 83.4173 42.2596 84.1534 42.6592C84.9105 43.0377 85.7938 43.227 86.8033 43.227C88.2755 43.227 89.5583 42.9326 90.652 42.3437C91.7456 41.7338 92.5973 40.9977 93.2072 40.1354C93.8171 39.2732 94.1431 38.453 94.1852 37.6748L96.5827 41.2711C96.2883 42.1334 95.8466 43.0482 95.2577 44.0157C94.6689 44.9831 93.9118 45.8874 92.9864 46.7287C92.061 47.5699 90.9464 48.2639 89.6425 48.8107C88.3385 49.3575 86.8243 49.6309 85.0998 49.6309C82.8915 49.6309 80.9146 49.1893 79.169 48.306C77.4235 47.4227 76.0459 46.2134 75.0365 44.6781C74.027 43.1429 73.5222 41.3973 73.5222 39.4414C73.5222 37.6328 73.8587 36.0344 74.5317 34.6464C75.2047 33.2583 76.2037 32.0911 77.5286 31.1447C78.8536 30.1773 80.494 29.4517 82.4499 28.968C84.4268 28.4633 86.6876 28.2109 89.2324 28.2109H94.8476ZM117.908 21.8385V49H109.58V14.8667H117.466L117.908 21.8385ZM128.287 14.6459L128.161 22.4063C127.698 22.3222 127.172 22.2591 126.583 22.2171C126.016 22.175 125.479 22.154 124.974 22.154C123.692 22.154 122.566 22.3327 121.599 22.6903C120.632 23.0267 119.822 23.521 119.17 24.1729C118.539 24.8249 118.055 25.6241 117.719 26.5705C117.382 27.4958 117.193 28.5474 117.151 29.7251L115.353 29.5043C115.353 27.3381 115.574 25.3296 116.015 23.4789C116.457 21.6282 117.098 20.0088 117.94 18.6208C118.781 17.2327 119.832 16.1601 121.094 15.403C122.377 14.6249 123.849 14.2358 125.511 14.2358C125.973 14.2358 126.468 14.2779 126.993 14.362C127.54 14.4251 127.971 14.5197 128.287 14.6459ZM146.237 43.0693C147.415 43.0693 148.466 42.8379 149.391 42.3752C150.317 41.9126 151.053 41.2606 151.6 40.4194C152.168 39.5781 152.472 38.6002 152.515 37.4855H160.37C160.328 39.7989 159.676 41.8705 158.414 43.7002C157.152 45.5299 155.469 46.981 153.366 48.0536C151.284 49.1052 148.95 49.6309 146.363 49.6309C143.734 49.6309 141.442 49.1893 139.486 48.306C137.53 47.4227 135.9 46.1924 134.596 44.615C133.313 43.0377 132.346 41.208 131.694 39.126C131.063 37.0439 130.747 34.8146 130.747 32.4381V31.4286C130.747 29.0521 131.063 26.8228 131.694 24.7408C132.346 22.6587 133.313 20.829 134.596 19.2517C135.9 17.6744 137.53 16.4441 139.486 15.5608C141.442 14.6775 143.724 14.2358 146.331 14.2358C149.087 14.2358 151.505 14.7721 153.587 15.8447C155.69 16.9173 157.331 18.4315 158.508 20.3874C159.707 22.3432 160.328 24.6461 160.37 27.296H152.515C152.472 26.0762 152.199 24.9826 151.694 24.0152C151.19 23.0478 150.475 22.2696 149.549 21.6808C148.624 21.0919 147.499 20.7975 146.174 20.7975C144.765 20.7975 143.587 21.0919 142.641 21.6808C141.715 22.2696 140.99 23.0793 140.464 24.1098C139.959 25.1193 139.602 26.255 139.391 27.5169C139.202 28.7577 139.107 30.0616 139.107 31.4286V32.4381C139.107 33.8262 139.202 35.1511 139.391 36.413C139.602 37.6748 139.959 38.8105 140.464 39.82C140.99 40.8084 141.715 41.5971 142.641 42.186C143.587 42.7748 144.786 43.0693 146.237 43.0693ZM181.253 49.6309C178.667 49.6309 176.343 49.2103 174.282 48.3691C172.221 47.5278 170.464 46.3606 169.013 44.8674C167.583 43.3532 166.479 41.5971 165.701 39.5992C164.944 37.5802 164.565 35.414 164.565 33.1006V31.8387C164.565 29.2099 164.944 26.8228 165.701 24.6777C166.458 22.5115 167.531 20.6502 168.919 19.094C170.307 17.5377 171.968 16.3389 173.903 15.4977C175.838 14.6564 177.973 14.2358 180.307 14.2358C182.726 14.2358 184.86 14.6459 186.711 15.4661C188.562 16.2653 190.107 17.401 191.348 18.8731C192.589 20.3453 193.525 22.1119 194.156 24.1729C194.787 26.2129 195.102 28.4738 195.102 30.9554V34.4571H168.351V28.7156H186.9V28.0847C186.858 26.7597 186.606 25.5505 186.143 24.4569C185.68 23.3422 184.965 22.4589 183.998 21.807C183.03 21.134 181.779 20.7975 180.244 20.7975C179.003 20.7975 177.92 21.0709 176.995 21.6177C176.09 22.1434 175.333 22.9006 174.723 23.889C174.134 24.8564 173.693 26.0131 173.398 27.3591C173.104 28.7051 172.957 30.1983 172.957 31.8387V33.1006C172.957 34.5307 173.146 35.8556 173.524 37.0754C173.924 38.2952 174.502 39.3573 175.26 40.2616C176.038 41.1449 176.963 41.839 178.036 42.3437C179.129 42.8274 180.37 43.0693 181.758 43.0693C183.504 43.0693 185.081 42.7328 186.49 42.0598C187.92 41.3658 189.161 40.3458 190.213 38.9998L194.408 43.3532C193.693 44.4047 192.726 45.4142 191.506 46.3816C190.307 47.3491 188.856 48.1377 187.153 48.7476C185.449 49.3365 183.483 49.6309 181.253 49.6309ZM209.519 0.54464V49H201.159V0.54464H209.519ZM226.302 0.54464V49H217.942V0.54464H226.302ZM253.053 41.7443V26.0026C253.053 24.8459 252.853 23.847 252.454 23.0057C252.054 22.1645 251.444 21.5125 250.624 21.0498C249.804 20.5872 248.763 20.3558 247.501 20.3558C246.386 20.3558 245.408 20.5451 244.567 20.9237C243.747 21.3022 243.116 21.8385 242.674 22.5325C242.233 23.2055 242.012 23.9837 242.012 24.867H233.652C233.652 23.4579 233.989 22.1224 234.662 20.8606C235.335 19.5777 236.291 18.442 237.532 17.4535C238.794 16.4441 240.298 15.6554 242.043 15.0876C243.81 14.5197 245.787 14.2358 247.974 14.2358C250.561 14.2358 252.864 14.6775 254.883 15.5608C256.923 16.423 258.521 17.7269 259.678 19.4725C260.856 21.2181 261.444 23.4158 261.444 26.0657V40.9557C261.444 42.6592 261.55 44.1208 261.76 45.3406C261.991 46.5394 262.328 47.5804 262.769 48.4637V49H254.283C253.884 48.1377 253.579 47.0441 253.369 45.7192C253.158 44.3732 253.053 43.0482 253.053 41.7443ZM254.22 28.2109L254.283 33.1637H249.015C247.711 33.1637 246.565 33.3004 245.577 33.5738C244.588 33.8262 243.778 34.2047 243.148 34.7095C242.517 35.1932 242.043 35.782 241.728 36.4761C241.412 37.149 241.255 37.9167 241.255 38.7789C241.255 39.6202 241.444 40.3773 241.823 41.0503C242.222 41.7233 242.79 42.2596 243.526 42.6592C244.283 43.0377 245.167 43.227 246.176 43.227C247.648 43.227 248.931 42.9326 250.025 42.3437C251.118 41.7338 251.97 40.9977 252.58 40.1354C253.19 39.2732 253.516 38.453 253.558 37.6748L255.955 41.2711C255.661 42.1334 255.219 43.0482 254.63 44.0157C254.042 44.9831 253.284 45.8874 252.359 46.7287C251.434 47.5699 250.319 48.2639 249.015 48.8107C247.711 49.3575 246.197 49.6309 244.472 49.6309C242.264 49.6309 240.287 49.1893 238.542 48.306C236.796 47.4227 235.419 46.2134 234.409 44.6781C233.4 43.1429 232.895 41.3973 232.895 39.4414C232.895 37.6328 233.231 36.0344 233.904 34.6464C234.577 33.2583 235.576 32.0911 236.901 31.1447C238.226 30.1773 239.867 29.4517 241.823 28.968C243.799 28.4633 246.06 28.2109 248.605 28.2109H254.22Z\" fill=\"white\"><\/path><path d=\"M269.3 44.9305C269.3 43.6686 269.731 42.6066 270.593 41.7443C271.455 40.882 272.622 40.4509 274.095 40.4509C275.567 40.4509 276.734 40.882 277.596 41.7443C278.459 42.6066 278.89 43.6686 278.89 44.9305C278.89 46.1713 278.459 47.2229 277.596 48.0852C276.734 48.9264 275.567 49.347 274.095 49.347C272.622 49.347 271.455 48.9264 270.593 48.0852C269.731 47.2229 269.3 46.1713 269.3 44.9305Z\" fill=\"#FF0000\"><\/path><\/svg>\t\t\t<\/div>\n\t\t<\/div>\n\t\t\t\t\t\t<\/div>\n\t\t\t\t<\/div>\n\t\t\t\t<\/div>\n\t\t<div class=\"elementor-element elementor-element-90b9e61 e-con-full elementor-hidden-mobile e-flex e-con e-child\" data-id=\"90b9e61\" data-element_type=\"container\" data-e-type=\"container\">\n\t\t\t\t<div class=\"elementor-element elementor-element-51dc07e elementor-align-right elementor-widget elementor-widget-button\" data-id=\"51dc07e\" data-element_type=\"widget\" data-e-type=\"widget\" data-widget_type=\"button.default\">\n\t\t\t\t<div class=\"elementor-widget-container\">\n\t\t\t\t\t\t\t\t\t<div class=\"elementor-button-wrapper\">\n\t\t\t\t\t<a class=\"elementor-button elementor-button-link elementor-size-sm\" href=\"https:\/\/wa.me\/message\/DCPHW3UPC5SGE1\">\n\t\t\t\t\t\t<span class=\"elementor-button-content-wrapper\">\n\t\t\t\t\t\t\t\t\t<span class=\"elementor-button-text\">Vamos conversar<\/span>\n\t\t\t\t\t<\/span>\n\t\t\t\t\t<\/a>\n\t\t\t\t<\/div>\n\t\t\t\t\t\t\t\t<\/div>\n\t\t\t\t<\/div>\n\t\t\t\t<\/div>\n\t\t\t\t\t<\/div>\n\t\t\t\t<\/div>\n\t\t<div class=\"elementor-element elementor-element-9e2839f e-flex e-con-boxed e-con e-parent\" data-id=\"9e2839f\" data-element_type=\"container\" data-e-type=\"container\" data-settings=\"{&quot;background_background&quot;:&quot;classic&quot;}\">\n\t\t\t\t\t<div class=\"e-con-inner\">\n\t\t<div class=\"elementor-element elementor-element-4f1cdcf e-con-full e-flex e-con e-child\" data-id=\"4f1cdcf\" data-element_type=\"container\" data-e-type=\"container\">\n\t\t\t\t<div class=\"elementor-element elementor-element-becc1ee elementor-widget elementor-widget-text-editor\" data-id=\"becc1ee\" data-element_type=\"widget\" data-e-type=\"widget\" data-widget_type=\"text-editor.default\">\n\t\t\t\t<div class=\"elementor-widget-container\">\n\t\t\t\t\t\t\t\t\t<p><span style=\"white-space-collapse: preserve;\">Ol\u00e1, meu nome \u00e9<\/span><\/p>\t\t\t\t\t\t\t\t<\/div>\n\t\t\t\t<\/div>\n\t\t\t\t<div class=\"elementor-element elementor-element-498f846 elementor-widget elementor-widget-heading\" data-id=\"498f846\" data-element_type=\"widget\" data-e-type=\"widget\" data-widget_type=\"heading.default\">\n\t\t\t\t<div class=\"elementor-widget-container\">\n\t\t\t\t\t<h2 class=\"elementor-heading-title elementor-size-default\">Mari\nCaramelo<\/h2>\t\t\t\t<\/div>\n\t\t\t\t<\/div>\n\t\t\t\t<div class=\"elementor-element elementor-element-92671d6 elementor-widget elementor-widget-text-editor\" data-id=\"92671d6\" data-element_type=\"widget\" data-e-type=\"widget\" data-widget_type=\"text-editor.default\">\n\t\t\t\t<div class=\"elementor-widget-container\">\n\t\t\t\t\t\t\t\t\t<p>trabalho com marketing<\/p>\t\t\t\t\t\t\t\t<\/div>\n\t\t\t\t<\/div>\n\t\t\t\t<div class=\"elementor-element elementor-element-d93ccc4 elementor-shape-circle e-grid-align-left e-grid-align-mobile-center elementor-grid-0 elementor-widget elementor-widget-social-icons\" data-id=\"d93ccc4\" data-element_type=\"widget\" data-e-type=\"widget\" data-widget_type=\"social-icons.default\">\n\t\t\t\t<div class=\"elementor-widget-container\">\n\t\t\t\t\t\t\t<div class=\"elementor-social-icons-wrapper elementor-grid\" role=\"list\">\n\t\t\t\t\t\t\t<span class=\"elementor-grid-item\" role=\"listitem\">\n\t\t\t\t\t<a class=\"elementor-icon elementor-social-icon elementor-social-icon-whatsapp elementor-repeater-item-5b80a3c\" href=\"https:\/\/wa.me\/message\/DCPHW3UPC5SGE1\" target=\"_blank\">\n\t\t\t\t\t\t<span class=\"elementor-screen-only\">Whatsapp<\/span>\n\t\t\t\t\t\t<i aria-hidden=\"true\" class=\"fab fa-whatsapp\"><\/i>\t\t\t\t\t<\/a>\n\t\t\t\t<\/span>\n\t\t\t\t\t\t\t<span class=\"elementor-grid-item\" role=\"listitem\">\n\t\t\t\t\t<a class=\"elementor-icon elementor-social-icon elementor-social-icon-linkedin elementor-repeater-item-4ad206b\" href=\"https:\/\/www.linkedin.com\/in\/marianacaramelo\/\" target=\"_blank\">\n\t\t\t\t\t\t<span class=\"elementor-screen-only\">Linkedin<\/span>\n\t\t\t\t\t\t<i aria-hidden=\"true\" class=\"fab fa-linkedin\"><\/i>\t\t\t\t\t<\/a>\n\t\t\t\t<\/span>\n\t\t\t\t\t\t\t<span class=\"elementor-grid-item\" role=\"listitem\">\n\t\t\t\t\t<a class=\"elementor-icon elementor-social-icon elementor-social-icon-instagram elementor-repeater-item-cbf4430\" href=\"https:\/\/www.instagram.com\/agenciascarcella\/\" target=\"_blank\">\n\t\t\t\t\t\t<span class=\"elementor-screen-only\">Instagram<\/span>\n\t\t\t\t\t\t<i aria-hidden=\"true\" class=\"fab fa-instagram\"><\/i>\t\t\t\t\t<\/a>\n\t\t\t\t<\/span>\n\t\t\t\t\t<\/div>\n\t\t\t\t\t\t<\/div>\n\t\t\t\t<\/div>\n\t\t\t\t<\/div>\n\t\t\t\t\t<\/div>\n\t\t\t\t<\/div>\n\t\t<div class=\"elementor-element elementor-element-d12ebcd e-flex e-con-boxed e-con e-parent\" data-id=\"d12ebcd\" data-element_type=\"container\" data-e-type=\"container\" data-settings=\"{&quot;background_background&quot;:&quot;classic&quot;}\">\n\t\t\t\t\t<div class=\"e-con-inner\">\n\t\t<div class=\"elementor-element elementor-element-70561d9 e-con-full e-flex e-con e-child\" data-id=\"70561d9\" data-element_type=\"container\" data-e-type=\"container\">\n\t\t\t\t<div class=\"elementor-element elementor-element-2055c5b elementor-widget elementor-widget-text-editor\" data-id=\"2055c5b\" data-element_type=\"widget\" data-e-type=\"widget\" data-widget_type=\"text-editor.default\">\n\t\t\t\t<div class=\"elementor-widget-container\">\n\t\t\t\t\t\t\t\t\t<p>Mari Caramelo \u00e9 uma poetisa, estrategista digital e consultora de marketing.&nbsp;<span style=\"font-size: inherit; text-align: inherit; color: var( --e-global-color-blocksy_palette_4 ); font-family: var( --e-global-typography-text-font-family ), Sans-serif; font-style: var(--theme-font-style, inherit); letter-spacing: var(--theme-letter-spacing); text-transform: var(--theme-text-transform);\">Desde 2017, ela atua como social media e \u00e9 fundadora de uma ag\u00eancia de marketing.<\/span><\/p>\n<p>Durante esse per\u00edodo, atendeu mais de 20 clientes de diversos ramos. Seu trabalho consiste em auxiliar empresas a vender utilizando a internet.<\/p>\t\t\t\t\t\t\t\t<\/div>\n\t\t\t\t<\/div>\n\t\t\t\t<\/div>\n\t\t\t\t\t<\/div>\n\t\t\t\t<\/div>\n\t\t\t\t<\/div>\n\t\t","protected":false},"excerpt":{"rendered":"<p>Vamos conversar Ol\u00e1, meu nome \u00e9 Mari Caramelo trabalho com marketing Whatsapp Linkedin Instagram Mari Caramelo \u00e9 uma poetisa, estrategista digital e consultora de marketing.&nbsp;Desde 2017, ela atua como social media e \u00e9 fundadora de uma ag\u00eancia de marketing. Durante esse per\u00edodo, atendeu mais de 20 clientes de diversos ramos. Seu trabalho consiste em auxiliar [&hellip;]<\/p>\n","protected":false},"author":1,"featured_media":0,"parent":0,"menu_order":0,"comment_status":"closed","ping_status":"closed","template":"elementor_canvas","meta":{"footnotes":""},"class_list":["post-991","page","type-page","status-publish","hentry"],"blocksy_meta":{"styles_descriptor":{"styles":{"desktop":"","tablet":"","mobile":""},"google_fonts":[],"version":6},"page_title_panel":"","has_hero_section":"disabled","1f7524ba27561c265e6fd8b7c913ef1d":"","hero_section":"type-1","hero_elements":[{"id":"custom_title","enabled":true,"heading_tag":"h1","title":"Home"},{"id":"custom_description","enabled":true,"description_visibility":{"desktop":true,"tablet":true,"mobile":false}},{"id":"custom_meta","enabled":false,"meta_elements":[{"id":"author","enabled":true,"label":"By","has_author_avatar":"yes","avatar_size":25},{"id":"post_date","enabled":true,"label":"On","date_format_source":"default","date_format":"M j, Y"},{"id":"updated_date","enabled":false,"label":"On","date_format_source":"default","date_format":"M j, Y"},{"id":"categories","enabled":false,"label":"In","style":"simple"},{"id":"comments","enabled":true}],"page_meta_elements":{"joined":true,"articles_count":true,"comments":true}},{"id":"breadcrumbs","enabled":false}],"a99e0e6d2427999ed1fbee2cfb893458":"","hero_alignment1":"CT_CSS_SKIP_RULE","hero_margin":40,"hero_alignment2":"center","hero_vertical_alignment":"center","2fc489c98e1363321479953fa4b8cd68":"","hero_structure":"narrow","938576fa561f9aeaa8b7f4787fffda34":"","page_title_bg_type":"featured_image","custom_hero_background":{"attachment_id":null},"page_title_image_size":"full","parallax":{"desktop":false,"tablet":false,"mobile":false},"130da00d72d5a31684bc5e3e171fdcec":"","hero_height":"250px","pageTitleFont":{"family":"Default","variation":"Default","size":"30px","line-height":"CT_CSS_SKIP_RULE","letter-spacing":"CT_CSS_SKIP_RULE","text-transform":"CT_CSS_SKIP_RULE","text-decoration":"CT_CSS_SKIP_RULE"},"pageTitleFontColor":{"default":{"color":"CT_CSS_SKIP_RULEDEFAULT"}},"pageMetaFont":{"family":"Default","variation":"n6","size":"12px","line-height":"1.3","letter-spacing":"CT_CSS_SKIP_RULE","text-transform":"uppercase","text-decoration":"CT_CSS_SKIP_RULE"},"pageMetaFontColor":{"default":{"color":"CT_CSS_SKIP_RULEDEFAULT"},"hover":{"color":"CT_CSS_SKIP_RULEDEFAULT"}},"page_meta_button_type_font_colors":{"default":{"color":"CT_CSS_SKIP_RULEDEFAULT"},"hover":{"color":"CT_CSS_SKIP_RULEDEFAULT"}},"page_meta_button_type_background_colors":{"default":{"color":"CT_CSS_SKIP_RULEDEFAULT"},"hover":{"color":"CT_CSS_SKIP_RULEDEFAULT"}},"pageExcerptFont":{"family":"Default","variation":"Default","size":"CT_CSS_SKIP_RULE","line-height":"CT_CSS_SKIP_RULE","letter-spacing":"CT_CSS_SKIP_RULE","text-transform":"CT_CSS_SKIP_RULE","text-decoration":"CT_CSS_SKIP_RULE"},"pageExcerptColor":{"default":{"color":"CT_CSS_SKIP_RULEDEFAULT"}},"breadcrumbsFont":{"family":"Default","variation":"Default","size":"CT_CSS_SKIP_RULE","line-height":"CT_CSS_SKIP_RULE","letter-spacing":"CT_CSS_SKIP_RULE","text-transform":"CT_CSS_SKIP_RULE","text-decoration":"CT_CSS_SKIP_RULE"},"breadcrumbsFontColor":{"default":{"color":"CT_CSS_SKIP_RULEDEFAULT"},"initial":{"color":"CT_CSS_SKIP_RULEDEFAULT"},"hover":{"color":"CT_CSS_SKIP_RULEDEFAULT"}},"pageTitleOverlay":{"background_type":"color","background_pattern":"type-1","background_image":{"attachment_id":null,"x":0,"y":0},"gradient":"linear-gradient(135deg,rgba(6,147,227,1) 0%,rgb(155,81,224) 100%)","background_repeat":"repeat","background_size":"auto","background_attachment":"scroll","patternColor":{"default":{"color":"#e5e7ea"}},"overlayColor":{"default":{"color":"CT_CSS_SKIP_RULE"}},"backgroundColor":{"default":{"color":"CT_CSS_SKIP_RULE"}}},"pageTitleBackground":{"background_type":"color","background_pattern":"type-1","background_image":{"attachment_id":null,"x":0,"y":0},"gradient":"linear-gradient(135deg,rgba(6,147,227,1) 0%,rgb(155,81,224) 100%)","background_repeat":"repeat","background_size":"auto","background_attachment":"scroll","patternColor":{"default":{"color":"#e5e7ea"}},"overlayColor":{"default":{"color":"CT_CSS_SKIP_RULE"}},"backgroundColor":{"default":{"color":"var(--theme-palette-color-6)"}}},"pageTitlePadding":{"top":"50px","bottom":"50px","left":"auto","right":"auto","linked":true},"8bc89b95f936a8ddaf48463530594767":"","page_structure_type":"default","9087b0fa00a0936481b758d6f5d71cbf":"","content_style_source":"inherit","content_style":"wide","vertical_spacing_source":"custom","content_area_spacing":"none","background":{"background_type":"color","background_pattern":"type-1","background_image":{"attachment_id":null,"x":0,"y":0},"gradient":"linear-gradient(135deg,rgba(6,147,227,1) 0%,rgb(155,81,224) 100%)","background_repeat":"repeat","background_size":"auto","background_attachment":"scroll","patternColor":{"default":{"color":"#e5e7ea"}},"overlayColor":{"default":{"color":"CT_CSS_SKIP_RULE"}},"backgroundColor":{"default":{"color":"CT_CSS_SKIP_RULE"}}},"content_background":{"background_type":"color","background_pattern":"type-1","background_image":{"attachment_id":null,"x":0,"y":0},"gradient":"linear-gradient(135deg,rgba(6,147,227,1) 0%,rgb(155,81,224) 100%)","background_repeat":"repeat","background_size":"auto","background_attachment":"scroll","patternColor":{"default":{"color":"#e5e7ea"}},"overlayColor":{"default":{"color":"CT_CSS_SKIP_RULE"}},"backgroundColor":{"default":{"color":"var(--theme-palette-color-8)"}}},"content_boxed_shadow":{"inherit":false,"blur":18,"spread":-6,"v_offset":12,"h_offset":0,"inset":false,"enable":true,"color":{"color":"rgba(34, 56, 101, 0.04)"}},"content_boxed_border":{"width":1,"style":"none","color":{"color":"rgba(44,62,80,0.2)"}},"content_boxed_radius":{"top":"3px","bottom":"3px","left":"3px","right":"3px","linked":true},"boxed_content_spacing":{"desktop":{"top":"40px","bottom":"40px","left":"40px","right":"40px","linked":true},"tablet":{"top":"35px","bottom":"35px","left":"35px","right":"35px","linked":true},"mobile":{"top":"20px","bottom":"20px","left":"20px","right":"20px","linked":true}},"83abb897cbf71723441bd51cfa807ea1":"","disable_featured_image":"no","disable_share_box":"no","disable_header":"no","disable_footer":"no"},"_links":{"self":[{"href":"https:\/\/scarcella.com.br\/index.php\/wp-json\/wp\/v2\/pages\/991","targetHints":{"allow":["GET"]}}],"collection":[{"href":"https:\/\/scarcella.com.br\/index.php\/wp-json\/wp\/v2\/pages"}],"about":[{"href":"https:\/\/scarcella.com.br\/index.php\/wp-json\/wp\/v2\/types\/page"}],"author":[{"embeddable":true,"href":"https:\/\/scarcella.com.br\/index.php\/wp-json\/wp\/v2\/users\/1"}],"replies":[{"embeddable":true,"href":"https:\/\/scarcella.com.br\/index.php\/wp-json\/wp\/v2\/comments?post=991"}],"version-history":[{"count":48,"href":"https:\/\/scarcella.com.br\/index.php\/wp-json\/wp\/v2\/pages\/991\/revisions"}],"predecessor-version":[{"id":1540,"href":"https:\/\/scarcella.com.br\/index.php\/wp-json\/wp\/v2\/pages\/991\/revisions\/1540"}],"wp:attachment":[{"href":"https:\/\/scarcella.com.br\/index.php\/wp-json\/wp\/v2\/media?parent=991"}],"curies":[{"name":"wp","href":"https:\/\/api.w.org\/{rel}","templated":true}]}}